{"id":37,"date":"2017-04-19T10:25:39","date_gmt":"2017-04-19T08:25:39","guid":{"rendered":"http:\/\/www.rodzinaravensbruck.pl\/?page_id=37"},"modified":"2017-04-21T00:41:57","modified_gmt":"2017-04-20T22:41:57","slug":"o-nas","status":"publish","type":"page","link":"https:\/\/www.rodzinaravensbruck.pl\/index.php\/o-nas\/","title":{"rendered":"O nas"},"content":{"rendered":"<p>PREAMBU\u0141A<\/p>\n<p>Projekt ten sam w sobie ju\u017c zawiera argument za jego zrealizowaniem i zasadno\u015bci\u0105. Nale\u017cy go zrealizowa\u0107 z tego prostego powodu, \u017ce powsta\u0142 \u00a0\u0336\u00a0 bo mimo up\u0142ywu lat znale\u017ali si\u0119 ludzie, kt\u00f3rzy wiedz\u0105 dlaczego do tego d\u0105\u017c\u0105. W pewnym sensie to stowarzyszenie ju\u017c istnieje, cho\u0107 jeszcze nie oficjalnie, skoro si\u0119 samorodnie ujawni\u0142a potrzeba jego powo\u0142ania\u00a0 \u0336\u00a0 potrzeba stworzenia i wychowania pewnej <strong>elity spo\u0142ecznej<\/strong>.<!--more--><\/p>\n<p>Historia ka\u017cdego narodu ujawnia istnienie grupy, kt\u00f3ra ten nar\u00f3d w pewnym sensie prowadzi. Ka\u017cdy nar\u00f3d pragnie posiada\u0107 w\u0142asn\u0105 to\u017csamo\u015b\u0107 i d\u0105\u017cy do wolno\u015bci .W Polsce nie trzeba tego udowadnia\u0107, historia naszego narodu jest odwieczn\u0105 walk\u0105 o nasz\u0105 to\u017csamo\u015b\u0107 i wolno\u015b\u0107. Uzasadnienia wymaga tylko to, czemu ta szczeg\u00f3lna pami\u0119\u0107 nale\u017cy si\u0119 w\u0142a\u015bnie by\u0142ym wi\u0119\u017aniarkom Ravensbr\u00fcck, a nie innym grupom, r\u00f3wnie\u017c maltretowanym przez naje\u017ad\u017ac\u00f3w. Jest par\u0119 powod\u00f3w, dla kt\u00f3rych historia tego obozu koncentracyjnego jest szczeg\u00f3lna. By\u0142 to najwi\u0119kszy kobiecy KL, mi\u0119dzynarodowy ob\u00f3z koncentracyjny na terenie Trzeciej Rzeszy, zorganizowany przed drug\u0105 wojn\u0105 \u015bwiatow\u0105. Z Polski umieszczano tam nie przypadkowe osoby, zatrzymane podczas tzw. \u0142apanek ulicznych, kt\u00f3re organizowa\u0142o Gestapo w krajach podbitych dla szerzenia terroru. Do Ravensbr\u00fcck wysy\u0142ano ju\u017c od wrze\u015bnia 1939 roku osoby wcze\u015bniej obserwowane, wa\u017cne dla narodu polskiego\u00a0 \u0336\u00a0 dzia\u0142aczy spo\u0142ecznych, naukowc\u00f3w, nauczycieli\u00a0 \u0336\u00a0 w\u0142a\u015bnie cz\u0142onk\u00f3w <strong>elity narodu<\/strong>. W miar\u0119 rozwoju Ruchu Oporu i walki podziemnej w Polsce rozwija\u0142y si\u0119 organizacje, do kt\u00f3rych wst\u0119powa\u0142o wiele m\u0142odzie\u017cy \u00a0\u0336\u00a0 i bardzo wcze\u015bnie, bo ju\u017c w listopadzie 1939 roku, do tajnej organizacji ZWZ (Zwi\u0105zek Walki Zbrojnej) w\u0142\u0105czy\u0142o si\u0119 tak\u017ce harcerstwo\u00a0 \u0336\u00a0 zar\u00f3wno ch\u0142opcy, jak i dziewcz\u0119ta. Gdy organizacje stawa\u0142y si\u0119 liczniejsze okazywa\u0142o si\u0119, jak zawsze w takich sytuacjach, \u017ce zdarza\u0142 si\u0119 kto\u015b podstawiony, szpieg\u00a0 \u0336 \u00a0i z biegiem czasu Gestapo aresztowa\u0142o cz\u0142onk\u00f3w organizacji i te wybrane osoby wysy\u0142ano w\u0142a\u015bnie do obozu w Ravensbr\u00fcck, wybitne nauczycielki i pe\u0142n\u0105 entuzjazmu m\u0142odzie\u017c, osoby, kt\u00f3re sk\u0142ada\u0142y przysi\u0119g\u0119, \u017ce s\u0105 gotowe umrze\u0107 dla Ojczyzny. Nie by\u0142y to zastraszone niewinne osoby z \u0142apanek, ale \u015bwiadome swej odpowiedzialno\u015bci zaanga\u017cowane bojowniczki.<\/p>\n<p>We wrze\u015bniu 1941 roku skierowano do Ravensbr\u00fcck dwa transporty wi\u0119\u017aniarek, harcerek z Zamku lubelskiego i z Pawiaka, Transport z Lublina otrzyma\u0142 wyroki \u015bmierci, ale egzekucje odby\u0142y si\u0119 tylko cz\u0119\u015bciowo w Polsce, cz\u0119\u015b\u0107 za\u015b sukcesywnie by\u0142a tracona w obozie, a dodatkowo od sierpnia 1942 rozpocz\u0119to w tym obozie szereg operacji pseudonaukowych na tych wi\u0119\u017aniarkach, kt\u00f3re otrzyma\u0142y wyrok \u015bmierci. Na procesie w Norymberdze ujawni\u0142o si\u0119, \u017ce eksperymenty by\u0142y owocem porozumienia prywatnego Himmlera z dyrektorem sanatorium ortopedycznego w Hohenlychen w Meklemburgii niedaleko Ravensbr\u00fcck, profesorem Karlem Gebhardtem, kt\u00f3ry na procesie t\u0142umaczy\u0142 si\u0119, \u017ce fakt, i\u017c przekazano mu te osoby od Himmlera by\u0142 r\u00f3wnoznaczny z ocaleniem ich \u017cycia. By\u0142o to k\u0142amstwo, gdy\u017c by\u0142y dziewcz\u0119ta, kt\u00f3re mimo poddania ich operacji, zosta\u0142y potem zabite. Poddano operacji najpierw najm\u0142odsze, kt\u00f3re pr\u00f3bowa\u0142y protestowa\u0107. Pierwsza z nich powiedzia\u0142a na sali operacyjnej \u201eIch bin kein Kaninchen, ich bin Mensch\u201d \u0336\u00a0 co oczywi\u015bcie nie zahamowa\u0142o operacji. Ale wi\u0119\u017aniarki by\u0142y nadal aktywne, uda\u0142o im si\u0119 nawi\u0105za\u0107 kontakt z wolno\u015bci\u0105 i przekaza\u0107 \u015bwiatu informacje i Niemcy musieli wreszcie zaprzesta\u0107 operacji, a wi\u0119\u017aniarkom uda\u0142o si\u0119 stworzy\u0107 dokumentacj\u0119 tej zbrodni, kt\u00f3r\u0105 Niemcy usi\u0142owali ukry\u0107. Wi\u0119\u017aniarki obozu w Ravensbr\u00fcck potrafi\u0142y przekaza\u0107 listy operowanych i rozstrzelanych, co sta\u0142o si\u0119 podstaw\u0105 aktu oskar\u017cenia. Istnieje opracowana dokumentacja.<\/p>\n<p>Dlaczego do tego wraca\u0107?<\/p>\n<p>Obserwuje si\u0119 takie zjawisko, \u017ce podczas gdy dzieci by\u0142ych wi\u0119\u017aniarek na og\u00f3\u0142 ma\u0142o interesowa\u0142y si\u0119 histori\u0105 tych zbrodni, natomiast teraz wyra\u017anie interesuj\u0105 si\u0119 wnuki, m\u0142odzie\u017c; i w\u0142a\u015bnie chodzi nie o to, \u017ceby si\u0119 m\u015bci\u0107 za to, co by\u0142o, ale \u017ceby przestrzec, by dramatyczna historia drugiej wojny \u015bwiatowej nie powt\u00f3rzy\u0142a si\u0119. Gdy w 1945\u00a0 roku w Ravensbr\u00fcck chciano zlikwidowa\u0107 \u201ekr\u00f3liki\u201d (osoby poddane eksperymentom pseudomedycznym) \u00a0\u0336\u00a0 to osoby, kt\u00f3re to prze\u017cy\u0142y, napisa\u0142y testament. Dokument oryginalny wprawdzie zagin\u0105\u0142, ale odtworzy\u0142y go po wyzwoleniu. \u017b\u0105da\u0142y, \u017ceby w Europie zorganizowano mi\u0119dzynarodow\u0105 szko\u0142\u0119, w kt\u00f3rej m\u0142odzie\u017c wszystkich narod\u00f3w uczy\u0142aby si\u0119 przyja\u017ani i solidarno\u015bci. Ostatnie dziesi\u0105tki lat pokazuj\u0105 degradacj\u0119 ludzko\u015bci, tak\u017ce Polski, osza\u0142amiaj\u0105cy rozw\u00f3j techniki fascynuje m\u0142odzie\u017c i materia swoim rozwojem technicznym zas\u0142ania warto\u015bci og\u00f3lnoludzkie, duchowe. Cz\u0142owiek wsp\u00f3\u0142czesny, zafascynowany osi\u0105gni\u0119ciami techniki, nie zauwa\u017ca etyki.<\/p>\n<p>I w\u0142a\u015bnie ta grupa os\u00f3b domaga si\u0119 stworzenia takiej elity narodu, kt\u00f3ra przywr\u00f3ci w\u0142a\u015bciwe poj\u0119cie cz\u0142owieka i ojczyzny \u00a0\u0336\u00a0 \u015bwiadomo\u015b\u0107, \u017ce cz\u0142owiek \u201enie samym chlebem \u017cyje\u201d, zwr\u00f3ci uwag\u0119 na nauk\u0119 wielkiego Polaka, \u015bwi\u0119tego Jana Paw\u0142a II, kt\u00f3ry naucza\u0142. \u017ce \u201eka\u017cdy musi mie\u0107 swoje Westerplatte\u201d, i \u017ce \u201ecz\u0142owiek nie mo\u017ce \u017cy\u0107 bez uniesie\u0144\u201d. Chodzi o to, \u017ceby nar\u00f3d, kt\u00f3ry od wiek\u00f3w walczy o swego ducha, odzyska\u0142 \u015bwiadomo\u015b\u0107 swej w\u0142asnej warto\u015bci, a ob\u00f3z w Ravensbr\u00fcck jest jak wsp\u00f3\u0142czesne ogniwo w historii narodu.<\/p>\n<p>&nbsp;<\/p>\n<p>Profesor dr Wanda P\u00f3\u0142tawska<\/p>\n<p>wi\u0119zie\u0144 Ravensbr\u00fcck nr 7709<\/p>\n","protected":false},"excerpt":{"rendered":"<p>PREAMBU\u0141A Projekt ten sam w sobie ju\u017c zawiera argument za jego zrealizowaniem i zasadno\u015bci\u0105. Nale\u017cy go zrealizowa\u0107 z tego prostego powodu, \u017ce powsta\u0142 \u00a0\u0336\u00a0 bo mimo up\u0142ywu lat znale\u017ali si\u0119 ludzie, kt\u00f3rzy wiedz\u0105 dlaczego do tego d\u0105\u017c\u0105. W pewnym sensie to stowarzyszenie ju\u017c istnieje, cho\u0107 jeszcze nie oficjalnie, skoro si\u0119 samorodnie ujawni\u0142a potrzeba jego powo\u0142ania\u00a0 &hellip; <\/p>\n<p class=\"link-more\"><a href=\"https:\/\/www.rodzinaravensbruck.pl\/index.php\/o-nas\/\" class=\"more-link\">Czytaj dalej<span class=\"screen-reader-text\"> \u201eO nas\u201d<\/span><\/a><\/p>\n","protected":false},"author":1,"featured_media":0,"parent":0,"menu_order":0,"comment_status":"closed","ping_status":"closed","template":"","meta":{"ngg_post_thumbnail":0,"footnotes":""},"class_list":["post-37","page","type-page","status-publish","hentry"],"_links":{"self":[{"href":"https:\/\/www.rodzinaravensbruck.pl\/index.php\/wp-json\/wp\/v2\/pages\/37","targetHints":{"allow":["GET"]}}],"collection":[{"href":"https:\/\/www.rodzinaravensbruck.pl\/index.php\/wp-json\/wp\/v2\/pages"}],"about":[{"href":"https:\/\/www.rodzinaravensbruck.pl\/index.php\/wp-json\/wp\/v2\/types\/page"}],"author":[{"embeddable":true,"href":"https:\/\/www.rodzinaravensbruck.pl\/index.php\/wp-json\/wp\/v2\/users\/1"}],"replies":[{"embeddable":true,"href":"https:\/\/www.rodzinaravensbruck.pl\/index.php\/wp-json\/wp\/v2\/comments?post=37"}],"version-history":[{"count":2,"href":"https:\/\/www.rodzinaravensbruck.pl\/index.php\/wp-json\/wp\/v2\/pages\/37\/revisions"}],"predecessor-version":[{"id":232,"href":"https:\/\/www.rodzinaravensbruck.pl\/index.php\/wp-json\/wp\/v2\/pages\/37\/revisions\/232"}],"wp:attachment":[{"href":"https:\/\/www.rodzinaravensbruck.pl\/index.php\/wp-json\/wp\/v2\/media?parent=37"}],"curies":[{"name":"wp","href":"https:\/\/api.w.org\/{rel}","templated":true}]}}