{"id":38,"date":"2017-04-19T10:25:39","date_gmt":"2017-04-19T08:25:39","guid":{"rendered":"http:\/\/www.rodzinaravensbruck.pl\/?page_id=38"},"modified":"2025-03-07T19:12:49","modified_gmt":"2025-03-07T18:12:49","slug":"kontakt","status":"publish","type":"page","link":"https:\/\/www.rodzinaravensbruck.pl\/index.php\/kontakt\/","title":{"rendered":"Kontakt"},"content":{"rendered":"<p>Stowarzyszenie<br>Rodzina Wi\u0119\u017aniarek Niemieckiego Obozu Koncentracyjnego Ravensbr\u00fcck<\/p>\n<p>ul. Senior\u00f3w Lotnictwa 10\/19<br>31-450 Krak\u00f3w<\/p>\n<p>e-mail : <a href=\"mailto:kontakt@rodzinaravensbruck.pl\">kontakt@rodzinaravensbruck.pl<\/a><\/p>\n<p><strong>Numer KRS: 0000660602<\/strong><\/p>\n<p>NIP: 9452203166&nbsp;&nbsp;&nbsp;&nbsp;&nbsp; REGON: 366551966<\/p>\n<p>&nbsp;<\/p>\n<p>&nbsp;<\/p>\n\n\n<h2 class=\"wp-block-heading has-black-color has-text-color has-link-color has-medium-font-size wp-elements-7baeb63d28e07f15011205aa38eeee51\" style=\"font-style:normal;font-weight:600\">Wsp\u00f3\u0142praca:<\/h2>\n\n\n\n\n\n\n\n<figure class=\"wp-block-image size-full is-resized\"><a href=\"https:\/\/www.obroncyogrodu.pl\/\" target=\"_blank\"><img loading=\"lazy\" decoding=\"async\" width=\"580\" height=\"140\" src=\"https:\/\/www.rodzinaravensbruck.pl\/wp-content\/uploads\/2017\/04\/Logo-Obro\u0144cy-Ogrodu.jpg\" alt=\"\" class=\"wp-image-515\" style=\"width:auto;height:150px\" srcset=\"https:\/\/www.rodzinaravensbruck.pl\/wp-content\/uploads\/2017\/04\/Logo-Obro\u0144cy-Ogrodu.jpg 580w, https:\/\/www.rodzinaravensbruck.pl\/wp-content\/uploads\/2017\/04\/Logo-Obro\u0144cy-Ogrodu-300x72.jpg 300w\" sizes=\"auto, (max-width: 580px) 100vw, 580px\" \/><\/a><\/figure>\n\n\n\n\n\n<figure class=\"wp-block-image size-full is-resized\"><a href=\"https:\/\/prawybrzeg.org\/\" target=\"_blank\" rel=\" noreferrer noopener\"><img loading=\"lazy\" decoding=\"async\" width=\"190\" height=\"65\" src=\"https:\/\/www.rodzinaravensbruck.pl\/wp-content\/uploads\/2017\/04\/logo_prawybrzeg_www2.jpg\" alt=\"\" class=\"wp-image-748\" style=\"width:auto;height:200px\"\/><\/a><\/figure>\n\n\n\n<figure class=\"wp-block-image size-full is-resized\"><a href=\"https:\/\/muzeumulmow.pl\/pl\/\" target=\"_blank\" rel=\" noreferrer noopener\"><img loading=\"lazy\" decoding=\"async\" width=\"722\" height=\"232\" src=\"https:\/\/www.rodzinaravensbruck.pl\/wp-content\/uploads\/2025\/03\/logo-Muzeum-Polakow-Ratujacych-Zydow-w-czasie-II-Wojny-Swiatowej-im.-Rodziny-Ulmow-w-Markowej.png\" alt=\"\" class=\"wp-image-4719\" style=\"width:auto;height:200px\" srcset=\"https:\/\/www.rodzinaravensbruck.pl\/wp-content\/uploads\/2025\/03\/logo-Muzeum-Polakow-Ratujacych-Zydow-w-czasie-II-Wojny-Swiatowej-im.-Rodziny-Ulmow-w-Markowej.png 722w, https:\/\/www.rodzinaravensbruck.pl\/wp-content\/uploads\/2025\/03\/logo-Muzeum-Polakow-Ratujacych-Zydow-w-czasie-II-Wojny-Swiatowej-im.-Rodziny-Ulmow-w-Markowej-300x96.png 300w\" sizes=\"auto, (max-width: 722px) 100vw, 722px\" \/><\/a><\/figure>\n\n\n\n\n\n<figure class=\"wp-block-image size-full is-resized\"><a href=\"https:\/\/fundacjablogoslawionanatalia.eu\/\" target=\"_blank\" rel=\" noreferrer noopener\"><img loading=\"lazy\" decoding=\"async\" width=\"191\" height=\"191\" src=\"https:\/\/www.rodzinaravensbruck.pl\/wp-content\/uploads\/2025\/03\/logo-Fundacja-im.-Bl.-Natalii-Tulasiewicz.png\" alt=\"\" class=\"wp-image-4717\" style=\"width:auto;height:200px\" srcset=\"https:\/\/www.rodzinaravensbruck.pl\/wp-content\/uploads\/2025\/03\/logo-Fundacja-im.-Bl.-Natalii-Tulasiewicz.png 191w, https:\/\/www.rodzinaravensbruck.pl\/wp-content\/uploads\/2025\/03\/logo-Fundacja-im.-Bl.-Natalii-Tulasiewicz-150x150.png 150w, https:\/\/www.rodzinaravensbruck.pl\/wp-content\/uploads\/2025\/03\/logo-Fundacja-im.-Bl.-Natalii-Tulasiewicz-100x100.png 100w\" sizes=\"auto, (max-width: 191px) 100vw, 191px\" \/><\/a><\/figure>\n\n\n\n\n\n<figure class=\"wp-block-image size-full is-resized\"><a href=\"https:\/\/zamek-lublin.pl\/\" target=\"_blank\" rel=\" noreferrer noopener\"><img loading=\"lazy\" decoding=\"async\" width=\"546\" height=\"324\" src=\"https:\/\/www.rodzinaravensbruck.pl\/wp-content\/uploads\/2025\/03\/logo-muzeum-narodowe-w-lublinie.png\" alt=\"\" class=\"wp-image-4718\" style=\"width:auto;height:200px\" srcset=\"https:\/\/www.rodzinaravensbruck.pl\/wp-content\/uploads\/2025\/03\/logo-muzeum-narodowe-w-lublinie.png 546w, https:\/\/www.rodzinaravensbruck.pl\/wp-content\/uploads\/2025\/03\/logo-muzeum-narodowe-w-lublinie-300x178.png 300w\" sizes=\"auto, (max-width: 546px) 100vw, 546px\" \/><\/a><\/figure>\n\n\n\n\n\n<figure class=\"wp-block-image size-full is-resized\"><a href=\"https:\/\/wychowawca.pl\/\" target=\"_blank\" rel=\" noreferrer noopener\"><img loading=\"lazy\" decoding=\"async\" width=\"541\" height=\"142\" src=\"https:\/\/www.rodzinaravensbruck.pl\/wp-content\/uploads\/2025\/03\/logo-Redakcja-miesiecznika-Wychowawca.png\" alt=\"\" class=\"wp-image-4720\" style=\"width:auto;height:150px\" srcset=\"https:\/\/www.rodzinaravensbruck.pl\/wp-content\/uploads\/2025\/03\/logo-Redakcja-miesiecznika-Wychowawca.png 541w, https:\/\/www.rodzinaravensbruck.pl\/wp-content\/uploads\/2025\/03\/logo-Redakcja-miesiecznika-Wychowawca-300x79.png 300w\" sizes=\"auto, (max-width: 541px) 100vw, 541px\" \/><\/a><\/figure>\n","protected":false},"excerpt":{"rendered":"<p>StowarzyszenieRodzina Wi\u0119\u017aniarek Niemieckiego Obozu Koncentracyjnego Ravensbr\u00fcck ul. Senior\u00f3w Lotnictwa 10\/1931-450 Krak\u00f3w e-mail : kontakt@rodzinaravensbruck.pl Numer KRS: 0000660602 NIP: 9452203166&nbsp;&nbsp;&nbsp;&nbsp;&nbsp; REGON: 366551966 &nbsp; &nbsp; Wsp\u00f3\u0142praca:<\/p>\n","protected":false},"author":1,"featured_media":0,"parent":0,"menu_order":0,"comment_status":"closed","ping_status":"closed","template":"","meta":{"ngg_post_thumbnail":0,"footnotes":""},"class_list":["post-38","page","type-page","status-publish","hentry"],"_links":{"self":[{"href":"https:\/\/www.rodzinaravensbruck.pl\/index.php\/wp-json\/wp\/v2\/pages\/38","targetHints":{"allow":["GET"]}}],"collection":[{"href":"https:\/\/www.rodzinaravensbruck.pl\/index.php\/wp-json\/wp\/v2\/pages"}],"about":[{"href":"https:\/\/www.rodzinaravensbruck.pl\/index.php\/wp-json\/wp\/v2\/types\/page"}],"author":[{"embeddable":true,"href":"https:\/\/www.rodzinaravensbruck.pl\/index.php\/wp-json\/wp\/v2\/users\/1"}],"replies":[{"embeddable":true,"href":"https:\/\/www.rodzinaravensbruck.pl\/index.php\/wp-json\/wp\/v2\/comments?post=38"}],"version-history":[{"count":21,"href":"https:\/\/www.rodzinaravensbruck.pl\/index.php\/wp-json\/wp\/v2\/pages\/38\/revisions"}],"predecessor-version":[{"id":4737,"href":"https:\/\/www.rodzinaravensbruck.pl\/index.php\/wp-json\/wp\/v2\/pages\/38\/revisions\/4737"}],"wp:attachment":[{"href":"https:\/\/www.rodzinaravensbruck.pl\/index.php\/wp-json\/wp\/v2\/media?parent=38"}],"curies":[{"name":"wp","href":"https:\/\/api.w.org\/{rel}","templated":true}]}}